{"id":7237,"date":"2021-03-03T11:59:14","date_gmt":"2021-03-03T10:59:14","guid":{"rendered":"http:\/\/vitasane.it\/de\/?post_type=product&#038;p=7237"},"modified":"2022-12-29T13:22:46","modified_gmt":"2022-12-29T12:22:46","slug":"wischmop-system-komplett-set","status":"publish","type":"product","link":"https:\/\/vitasane.it\/de\/produkt\/wischmop-system-komplett-set\/","title":{"rendered":"Wischmop &#8211; System (Komplett-Set)"},"content":{"rendered":"<header class=\"entry-header grid-container grid-parent\">\n<h4><strong>Wischmop System &#8211; Bodenwischer Komplett Set<\/strong><\/h4>\n<p>&nbsp;<\/p>\n<p class=\"produkt entry-title\"><strong><u>Set bestehend aus:<\/u><\/strong><\/p>\n<\/header>\n<div class=\"entry-content produkt grid-container grid-parent\">\n<div class=\"grid-50 tablet-grid-50 mobile-grid-100 grid-parent\">\n<p>3 X Wischmopp Bez\u00fcge 40cm<\/p>\n<p>1 X 40cm Wischmopp &#8211; Klapphalter<\/p>\n<p>1 X Alustiel Teleskop &#8211; <strong>Gr\u00f6\u00dfe<\/strong> geschlossen: 96 cm &#8211; <strong>Gr\u00f6\u00dfe<\/strong> ausgefahren: 170 cm.\u00a0Robuster Stil mit mit drehbarem Griffkopf.<\/p>\n<p><strong>Wischmopbez\u00fcge 40cm\u00a0<\/strong><\/p>\n<ul>\n<li><strong>Passend f\u00fcr alle g\u00e4ngigen 40cm Klapphalter<\/strong><\/li>\n<li><strong>Aus der Industrie mit sehr hochwertiger Verarbeitung<\/strong><\/li>\n<li><strong>Zum Nass-, Feucht- und Staubwischen geeignet<\/strong><\/li>\n<li><strong>Taschen Mit Wasserausl\u00e4ssen &amp; Halter-Einf\u00fchrhilfe<\/strong><\/li>\n<li><strong>Sehr Stabil &amp; Saugstark mit 12 Nahtreihen gen\u00e4ht<\/strong><\/li>\n<li><strong>Waschbar bis 95\u00b0C und sehr langlebig<\/strong><\/li>\n<\/ul>\n<div>\n<p>Dieser Profi Wischmopp, ist aus einem Baumwoll-\/ Polyestergemisch. Seine beidseitigen Taschen mit Wasserausl\u00e4ssen und Halter-Einf\u00fchrhilfe erleichtern die Arbeit mit diesem Wischmopp um ein Vielfaches. Er ist bestens zum Nass-, Feucht- und Staubwischen geeignet und kann in der Waschmaschine mit 95\u00ba gewaschen werden. Er ist sehr saugstark und f\u00e4ngt Fl\u00fcssigkeiten bzw. Schmutz gr\u00fcndlich und schnell auf. F\u00fcr die hygienische Reinigung nicht wegzudenken. Die Fransen beim 40cm Mopp mit 12 Nahtreihen lose verwebt und somit in seiner Eigenschaft sehr stabil. Die Fransen sind innen geschlossen und au\u00dfen offen. Gen\u00e4ht: Schlinge innen, Franse au\u00dfen.<\/p>\n<p>Pflegehinweis: Waschbar bis 95\u00b0C \/ Nicht chlorbleichen!<\/p>\n<\/div>\n<p>&nbsp;<\/p>\n<\/div>\n<\/div>\n","protected":false},"excerpt":{"rendered":"<p>inkl. gesetzl. MwSt. und zzgl. Versandkosten<\/p>\n","protected":false},"featured_media":7238,"comment_status":"open","ping_status":"closed","template":"","meta":[],"product_cat":[55],"product_tag":[],"_links":{"self":[{"href":"https:\/\/vitasane.it\/de\/wp-json\/wp\/v2\/product\/7237"}],"collection":[{"href":"https:\/\/vitasane.it\/de\/wp-json\/wp\/v2\/product"}],"about":[{"href":"https:\/\/vitasane.it\/de\/wp-json\/wp\/v2\/types\/product"}],"replies":[{"embeddable":true,"href":"https:\/\/vitasane.it\/de\/wp-json\/wp\/v2\/comments?post=7237"}],"wp:featuredmedia":[{"embeddable":true,"href":"https:\/\/vitasane.it\/de\/wp-json\/wp\/v2\/media\/7238"}],"wp:attachment":[{"href":"https:\/\/vitasane.it\/de\/wp-json\/wp\/v2\/media?parent=7237"}],"wp:term":[{"taxonomy":"product_cat","embeddable":true,"href":"https:\/\/vitasane.it\/de\/wp-json\/wp\/v2\/product_cat?post=7237"},{"taxonomy":"product_tag","embeddable":true,"href":"https:\/\/vitasane.it\/de\/wp-json\/wp\/v2\/product_tag?post=7237"}],"curies":[{"name":"wp","href":"https:\/\/api.w.org\/{rel}","templated":true}]}}