{"id":9957,"date":"2023-09-12T15:58:38","date_gmt":"2023-09-12T13:58:38","guid":{"rendered":"https:\/\/vitasane.it\/de\/?post_type=product&#038;p=9957"},"modified":"2025-05-08T20:33:52","modified_gmt":"2025-05-08T18:33:52","slug":"pet-kit-fuer-ihre-haustiere","status":"publish","type":"product","link":"https:\/\/vitasane.it\/de\/produkt\/pet-kit-fuer-ihre-haustiere\/","title":{"rendered":"Pet Kit  F\u00dcR IHRE HAUSTIERE"},"content":{"rendered":"<div class=\"nm-product-summary-inner-col nm-product-summary-inner-col-1\">\n<div class=\"nm-product-summary-inner-col nm-product-summary-inner-col-1\">\n<h2 class=\"white_text\">ZUBEH\u00d6R F\u00dcR DIE REINIGUNG VON TIERE UND OBERFL\u00c4CHEN<\/h2>\n<p>VITASANE k\u00fcmmert sich um Ihre Vierbeiner und Ihr Zuhause. Mit dem Animal Kit erhalten Sie verschiedene komfortable und praktische Accessoires, um Ihr Haustier und Ihr Zuhause zu reinigen und stets f\u00fcr gr\u00fcndliche Hygiene zu sorgen<\/p>\n<p><img loading=\"lazy\" decoding=\"async\" class=\"alignnone\" src=\"https:\/\/www.maximaitalia.eu\/wp-content\/uploads\/2023\/04\/pet-kit-animals-maxima-1920x800.jpg\" alt=\"\" width=\"316\" height=\"132\" \/><\/p>\n<p><strong>Im Kit enthaltenes Zubeh\u00f6r:<\/strong><\/p>\n<ul>\n<li>Fellpflegeb\u00fcrste f\u00fcr Haustiere mit 3 K\u00e4mmen: Praktisch und einfach zu handhaben. Durch die Wahl eines der drei mitgelieferten K\u00e4mme k\u00f6nnen alle Haartypen unterschiedlicher L\u00e4nge und Dichte gek\u00e4mmt werden.<\/li>\n<li>Kleiderb\u00fcrste, auch ohne Anschluss an das System einsetzbar: \u00e4u\u00dferst vielseitig und komfortabel in der Anwendung, ideal zum Reinigen der Kleidung von Flusen und Tierhaaren.<\/li>\n<li>Sofa-, Auto-, Polsterb\u00fcrste: Breiter Kopf und leichtes Design f\u00fcr einfache Reinigung und Haarentfernung von Sofas, St\u00fchlen und Autositzen<\/li>\n<li>Teppich- und Bodenb\u00fcrste: Ideal zum Entfernen von Fasern und Tierhaaren aus Teppichen und B\u00f6den aller Art, f\u00fcr den privaten und gewerblichen Gebrauch.<\/li>\n<li>Universeller 1,5 m langer B\u00fcrstenanschlussschlauch<\/li>\n<li>Nylontasche: zur Aufbewahrung des gesamten Kit-Zubeh\u00f6rs und zur stets geordneten Aufbewahrung.<\/li>\n<\/ul>\n<\/div>\n<\/div>\n<div class=\"panel swatch-white\"><div class=\"panel-header overlay\"><h3 class=\"panel-title\"><strong>PRODUKTVIDEO<\/strong><\/h3><\/div><div class=\"panel-body text-center\"><p>PET KIT F\u00dcR IHRE HAUSTIERE<\/p><\/div><\/div>\n<div style=\"width: 1170px;\" class=\"wp-video\"><!--[if lt IE 9]><script>document.createElement('video');<\/script><![endif]-->\n<video class=\"wp-video-shortcode\" id=\"video-9957-1\" width=\"1170\" height=\"658\" poster=\"https:\/\/vitasane.it\/de\/wp-content\/uploads\/2023\/09\/pet-kit.png\" preload=\"auto\" controls=\"controls\"><source type=\"video\/mp4\" src=\"https:\/\/vitasane.it\/de\/wp-content\/uploads\/2023\/09\/PET-KIT-PLUS-HQ-.mp4?_=1\" \/><a href=\"https:\/\/vitasane.it\/de\/wp-content\/uploads\/2023\/09\/PET-KIT-PLUS-HQ-.mp4\">https:\/\/vitasane.it\/de\/wp-content\/uploads\/2023\/09\/PET-KIT-PLUS-HQ-.mp4<\/a><\/video><\/div>\n","protected":false},"excerpt":{"rendered":"<p>inkl. gesetzl. MwSt. und zzgl. Versandkosten<\/p>\n","protected":false},"featured_media":11868,"comment_status":"open","ping_status":"closed","template":"","meta":[],"product_cat":[108],"product_tag":[],"_links":{"self":[{"href":"https:\/\/vitasane.it\/de\/wp-json\/wp\/v2\/product\/9957"}],"collection":[{"href":"https:\/\/vitasane.it\/de\/wp-json\/wp\/v2\/product"}],"about":[{"href":"https:\/\/vitasane.it\/de\/wp-json\/wp\/v2\/types\/product"}],"replies":[{"embeddable":true,"href":"https:\/\/vitasane.it\/de\/wp-json\/wp\/v2\/comments?post=9957"}],"wp:featuredmedia":[{"embeddable":true,"href":"https:\/\/vitasane.it\/de\/wp-json\/wp\/v2\/media\/11868"}],"wp:attachment":[{"href":"https:\/\/vitasane.it\/de\/wp-json\/wp\/v2\/media?parent=9957"}],"wp:term":[{"taxonomy":"product_cat","embeddable":true,"href":"https:\/\/vitasane.it\/de\/wp-json\/wp\/v2\/product_cat?post=9957"},{"taxonomy":"product_tag","embeddable":true,"href":"https:\/\/vitasane.it\/de\/wp-json\/wp\/v2\/product_tag?post=9957"}],"curies":[{"name":"wp","href":"https:\/\/api.w.org\/{rel}","templated":true}]}}